{"id":7,"date":"2008-12-01T16:33:52","date_gmt":"2008-12-01T18:33:52","guid":{"rendered":"http:\/\/advanceconsultoria.com.webserverwin.com\/blog\/?page_id=7"},"modified":"2014-02-10T12:01:17","modified_gmt":"2014-02-10T14:01:17","slug":"contato","status":"publish","type":"page","link":"http:\/\/www.advanceconsultoria.com\/?page_id=7","title":{"rendered":"Contato para solicita\u00e7\u00e3o de or\u00e7amento"},"content":{"rendered":"<p><!--more--><\/p>\n<p><span style=\"color: #000000;\"><img decoding=\"async\" title=\"Mais...\" src=\"http:\/\/www.advanceconsultoria.com\/wp-includes\/js\/tinymce\/plugins\/wordpress\/img\/trans.gif\" alt=\"\" \/><\/span><\/p>\n<p><span style=\"color: #ffffff;\">.<\/span><\/p>\n<p><span style=\"color: #ffffff;\">.<\/span><\/p>\n<h3><span style=\"color: #000000;\"><strong><span style=\"color: #000080;\">Consultoria<\/span><\/strong><\/span><\/h3>\n<p style=\"text-align: justify;\"><span style=\"color: #000000;\">Escreva para\u00a0<a href=\"mailto:atendimento@advanceconsultoria.com\"><span style=\"color: #0000ff;\">atendimento@advanceconsultoria.com<\/span><\/a> <span style=\"color: #000000;\">e solicite-nos um or\u00e7amento de consultoria informando detalhadamente qual \u00e9 a sua necessidade.<\/span><\/span><\/p>\n<p><span style=\"color: #ffffff;\">.<\/span><\/p>\n<p><span style=\"color: #ffffff;\">.<\/span><\/p>\n<h3><span style=\"color: #000000;\"><strong><span style=\"color: #000080;\">Treinamento<\/span><\/strong><\/span><\/h3>\n<p style=\"text-align: justify;\"><span style=\"color: #000000;\">Para solicitar uma proposta de treinamento in-company para a sua empresa, escreva para\u00a0<a href=\"mailto:atendimento@advanceconsultoria.com\"><span style=\"color: #0000ff;\">atendimento@advanceconsultoria.com<\/span><\/a> e nos informe o treinamento de seu interesse e o n\u00famero previsto de participantes.<\/span><\/p>\n<p><span style=\"color: #ffffff;\">.<\/span><\/p>\n<p><span style=\"color: #ffffff;\">.<\/span><\/p>\n<h3><span style=\"color: #000000;\"><strong><span style=\"color: #cc0000;\">Importante<\/span><\/strong><\/span><\/h3>\n<p><span style=\"color: #000000;\">Ao solicitar or\u00e7amento, favor informar tamb\u00e9m os\u00a0seguintes dados de contato:<\/span><\/p>\n<ul>\n<li><span style=\"color: #000000;\">Nome Completo<\/span><\/li>\n<li><span style=\"color: #000000;\">Telefone<\/span><\/li>\n<li><span style=\"color: #000000;\">Empresa<\/span><\/li>\n<li><span style=\"color: #000000;\">Cidade\/Estado<\/span><\/li>\n<\/ul>\n<p><span style=\"color: #ffffff;\">.<\/span><\/p>\n<p><span style=\"color: #ffffff;\">.<\/span><\/p>\n<p><span style=\"color: #000000;\">Desde j\u00e1 agradecemos o seu contato.<\/span><\/p>\n<p><span style=\"color: #ffffff;\">.<\/span><\/p>\n<p><span style=\"color: #ffffff;\">.<\/span><\/p>\n<p><span style=\"color: #ffffff;\">.<\/span><\/p>\n<p><span style=\"color: #000000;\">Visite e curta a nossa p\u00e1gina no\u00a0<a href=\"http:\/\/www.facebook.com\/AdvanceConsultoriacom\" target=\"_blank\"><span style=\"color: #0000ff;\">Facebook<\/span><\/a><\/span><\/p>\n<p><span style=\"color: #ffffff;\">.<\/span><\/p>\n<p><span style=\"color: #ffffff;\">.<\/span><\/p>\n<p><span style=\"color: #000000;\">Assista o nosso v\u00eddeo\u00a0<a href=\"http:\/\/www.advanceconsultoria.com\/?p=4823\" target=\"_blank\"><span style=\"color: #0000ff;\">10 anos da AdvanceConsultoria.com<\/span><\/a><\/span><\/p>\n<p><span style=\"color: #ffffff;\">.<\/span><\/p>\n<p><span style=\"color: #ffffff;\">.<\/span><\/p>\n<p><span style=\"color: #ffffff;\">.<\/span><\/p>\n<p><span style=\"color: #ffffff;\">.<\/span><\/p>\n<p><span style=\"color: #ffffff;\">.<\/span><\/p>\n<p><span style=\"color: #ffffff;\">.<\/span><\/p>\n<p><span style=\"color: #ffffff;\">.<\/span><\/p>\n<p><span style=\"color: #ffffff;\">.<\/span><\/p>\n<p><span style=\"color: #ffffff;\">.<\/span><\/p>\n<p><span style=\"color: #ffffff;\">.<\/span><\/p>\n<p><span style=\"color: #ffffff;\">.<\/span><\/p>\n<p><span style=\"color: #ffffff;\">.<\/span><\/p>\n<p><span style=\"color: #ffffff;\">..<\/span><\/p>\n<p><span style=\"color: #ffffff;\">.<\/span><\/p>\n<p><span style=\"color: #ffffff;\">.<\/span><\/p>\n<p><span style=\"color: #ffffff;\">.<\/span><\/p>\n<p><span style=\"color: #ffffff;\">.<\/span><\/p>\n<p><span style=\"color: #ffffff;\">.<\/span><\/p>\n","protected":false},"excerpt":{"rendered":"","protected":false},"author":3,"featured_media":0,"parent":0,"menu_order":0,"comment_status":"closed","ping_status":"closed","template":"","meta":{"footnotes":""},"class_list":["post-7","page","type-page","status-publish","hentry"],"_links":{"self":[{"href":"http:\/\/www.advanceconsultoria.com\/index.php?rest_route=\/wp\/v2\/pages\/7","targetHints":{"allow":["GET"]}}],"collection":[{"href":"http:\/\/www.advanceconsultoria.com\/index.php?rest_route=\/wp\/v2\/pages"}],"about":[{"href":"http:\/\/www.advanceconsultoria.com\/index.php?rest_route=\/wp\/v2\/types\/page"}],"author":[{"embeddable":true,"href":"http:\/\/www.advanceconsultoria.com\/index.php?rest_route=\/wp\/v2\/users\/3"}],"replies":[{"embeddable":true,"href":"http:\/\/www.advanceconsultoria.com\/index.php?rest_route=%2Fwp%2Fv2%2Fcomments&post=7"}],"version-history":[{"count":10,"href":"http:\/\/www.advanceconsultoria.com\/index.php?rest_route=\/wp\/v2\/pages\/7\/revisions"}],"predecessor-version":[{"id":5451,"href":"http:\/\/www.advanceconsultoria.com\/index.php?rest_route=\/wp\/v2\/pages\/7\/revisions\/5451"}],"wp:attachment":[{"href":"http:\/\/www.advanceconsultoria.com\/index.php?rest_route=%2Fwp%2Fv2%2Fmedia&parent=7"}],"curies":[{"name":"wp","href":"https:\/\/api.w.org\/{rel}","templated":true}]}}